{"id":4,"date":"2020-09-16T09:06:16","date_gmt":"2020-09-16T09:06:16","guid":{"rendered":"http:\/\/annechristinalarsen.dk\/?page_id=4"},"modified":"2020-11-26T15:37:32","modified_gmt":"2020-11-26T15:37:32","slug":"om-anne-christina-larsen","status":"publish","type":"page","link":"https:\/\/annechristinalarsen.dk\/?page_id=4","title":{"rendered":"Om Anne Christina Larsen"},"content":{"rendered":"\n<p>Jeg er uddannet psykolog fra \u00c5rhus Universitet&nbsp; og University of Brigham Young, USA. Derudover har jeg en coachinguddannelse og tager l\u00f8bende kurser og efteruddanner mig for vedvarende at kunne give de mennesker, der kommer hos mig den bedste hj\u00e6lp og sparring.&nbsp;<\/p>\n\n\n\n<p>Jeg tr\u00e6kker i samtaler p\u00e5 min viden og erfaring inden for klinisk psykologi, sportspsykologi, erhvervspsykologi og coaching.<\/p>\n\n\n\n<p>Jeg tager udgangspunkt i den enkeltes behov og \u00f8nsker og finder i l\u00f8bet af de f\u00f8rste samtaler ud af hvilke metoder, der kunne passe bedst. Jeg tr\u00e6kker is\u00e6r p\u00e5 Kognitiv Coaching, Kognitiv Adf\u00e6rdsterapi, Acceptance-and Commitment-terapi, Mindfulness, Eksistenstiel Psykologi og Compassionfokuseret Terapi.<\/p>\n\n\n\n<p>Jeg er medlem af Dansk Psykologforening<\/p>\n\n\n\n<figure class=\"wp-block-image size-large\"><img loading=\"lazy\" decoding=\"async\" width=\"683\" height=\"1024\" src=\"http:\/\/annechristinalarsen.dk\/wp-content\/uploads\/2020\/11\/w_AC_Portrait_LouiseBrock_02-683x1024.jpg\" alt=\"\" class=\"wp-image-80\" srcset=\"https:\/\/annechristinalarsen.dk\/wp-content\/uploads\/2020\/11\/w_AC_Portrait_LouiseBrock_02-683x1024.jpg 683w, https:\/\/annechristinalarsen.dk\/wp-content\/uploads\/2020\/11\/w_AC_Portrait_LouiseBrock_02-200x300.jpg 200w, https:\/\/annechristinalarsen.dk\/wp-content\/uploads\/2020\/11\/w_AC_Portrait_LouiseBrock_02-768x1152.jpg 768w, https:\/\/annechristinalarsen.dk\/wp-content\/uploads\/2020\/11\/w_AC_Portrait_LouiseBrock_02-1024x1536.jpg 1024w, https:\/\/annechristinalarsen.dk\/wp-content\/uploads\/2020\/11\/w_AC_Portrait_LouiseBrock_02-1365x2048.jpg 1365w, https:\/\/annechristinalarsen.dk\/wp-content\/uploads\/2020\/11\/w_AC_Portrait_LouiseBrock_02-scaled.jpg 1707w\" sizes=\"auto, (max-width: 683px) 100vw, 683px\" \/><\/figure>\n","protected":false},"excerpt":{"rendered":"<p>Jeg er uddannet psykolog fra \u00c5rhus Universitet&nbsp; og University of Brigham Young, USA. Derudover har jeg en coachinguddannelse og tager l\u00f8bende kurser og efteruddanner mig for vedvarende at kunne give de mennesker, der kommer hos mig den bedste hj\u00e6lp og sparring.&nbsp; Jeg tr\u00e6kker i samtaler p\u00e5 min viden og erfaring inden for klinisk psykologi, sportspsykologi, &hellip; <\/p>\n<p class=\"link-more\"><a href=\"https:\/\/annechristinalarsen.dk\/?page_id=4\" class=\"more-link\">Continue reading<span class=\"screen-reader-text\"> &#8220;Om Anne Christina Larsen&#8221;<\/span><\/a><\/p>\n","protected":false},"author":1,"featured_media":0,"parent":0,"menu_order":1,"comment_status":"closed","ping_status":"closed","template":"","meta":{"footnotes":""},"class_list":["post-4","page","type-page","status-publish","hentry"],"_links":{"self":[{"href":"https:\/\/annechristinalarsen.dk\/index.php?rest_route=\/wp\/v2\/pages\/4","targetHints":{"allow":["GET"]}}],"collection":[{"href":"https:\/\/annechristinalarsen.dk\/index.php?rest_route=\/wp\/v2\/pages"}],"about":[{"href":"https:\/\/annechristinalarsen.dk\/index.php?rest_route=\/wp\/v2\/types\/page"}],"author":[{"embeddable":true,"href":"https:\/\/annechristinalarsen.dk\/index.php?rest_route=\/wp\/v2\/users\/1"}],"replies":[{"embeddable":true,"href":"https:\/\/annechristinalarsen.dk\/index.php?rest_route=%2Fwp%2Fv2%2Fcomments&post=4"}],"version-history":[{"count":4,"href":"https:\/\/annechristinalarsen.dk\/index.php?rest_route=\/wp\/v2\/pages\/4\/revisions"}],"predecessor-version":[{"id":86,"href":"https:\/\/annechristinalarsen.dk\/index.php?rest_route=\/wp\/v2\/pages\/4\/revisions\/86"}],"wp:attachment":[{"href":"https:\/\/annechristinalarsen.dk\/index.php?rest_route=%2Fwp%2Fv2%2Fmedia&parent=4"}],"curies":[{"name":"wp","href":"https:\/\/api.w.org\/{rel}","templated":true}]}}