{"id":30,"date":"2020-09-16T10:43:50","date_gmt":"2020-09-16T10:43:50","guid":{"rendered":"http:\/\/annechristinalarsen.dk\/?page_id=30"},"modified":"2020-11-26T14:47:51","modified_gmt":"2020-11-26T14:47:51","slug":"stress","status":"publish","type":"page","link":"https:\/\/annechristinalarsen.dk\/?page_id=30","title":{"rendered":"Stress"},"content":{"rendered":"\n<h2 class=\"wp-block-heading\">Stress grundet langvarig overbelastning:<\/h2>\n\n\n\n<p>Mange mennesker kender det at f\u00f8le sig pressede p\u00e5 jobbet eller p\u00e5 hjemmefronten i en kortere periode. Det er ikke skadeligt for os. Men hvis dette pres g\u00e5r hen og bliver langvarigt enten arbejdsm\u00e6ssigt eller privat eller begge steder, s\u00e5 vil det typisk g\u00e5 ud over vores trivsel. Vi f\u00f8ler os dr\u00e6nede for energi, bliver kortluntede, har sv\u00e6rt ved at sove p\u00e5 grund af uro i kroppen eller tankemylder og m\u00e5ske er korttidshukommelsen ogs\u00e5 begyndte at svigte. Det er vigtig at f\u00e5 taget h\u00e5nd om s\u00e5 hurtigt som muligt, s\u00e5 en eventuel sygemelding kan undg\u00e5es eller kun vare kortvarigt.&nbsp;<\/p>\n\n\n\n<p>N\u00e5r du kommer til mig med stresssymptomer, vil vi sammen finde frem til, hvad det er der ligger til grund for dem. Derfra l\u00e6gger vi sammen en behandlingsplan, der tager udgangspunkt b\u00e5de i dit hjemme- og dit arbejdsliv. Typisk vil planen indbefatte gode aktiviteter og hvile og hvad du eventuelt skal vende med din chef og familie.<\/p>\n\n\n\n<h2 class=\"wp-block-heading\">Forebyggelse af stress<\/h2>\n\n\n\n<p>Kan stress forebygges? I rigtig mange tilf\u00e6lde kan det. Hvis du oplever, at du er i farezonen for at udvikle stress, er det en god id\u00e9 at f\u00e5 lagt en plan.<\/p>\n\n\n\n<p>Sammen vil vi kigge p\u00e5 din hverdag og lave en plan over nogle tiltag, du kan g\u00f8re p\u00e5 den korte bane og m\u00e5ske ogs\u00e5 p\u00e5 den lange, s\u00e5 du igen kan f\u00e5 en oplevelse af at trives.<\/p>\n\n\n\n<h2 class=\"wp-block-heading\">Eksistentiel stress:<\/h2>\n\n\n\n<p>Eksistentiel stress bunder i noget andet end stress for\u00e5rsaget af overbelastning, men kan opleves lige s\u00e5 ubehageligt.<\/p>\n\n\n\n<p>Det kan fx v\u00e6re en oplevelse af mangel p\u00e5 mening, at livet ikke er g\u00e5et som planlagt, en oplevelse af at st\u00e5 alene i livet eller at vi k\u00e6mper og k\u00e6mper, men aldrig n\u00e5r der hen , hvor vi gerne vil.&nbsp;<\/p>\n\n\n\n<p>Sammen vil vi kigge p\u00e5 din hverdag og lave en plan over nogle tiltag, du kan g\u00f8re p\u00e5 den korte bane og m\u00e5ske ogs\u00e5 p\u00e5 den lange, s\u00e5 du igen kan f\u00e5 en oplevelse af at trives.<\/p>\n","protected":false},"excerpt":{"rendered":"<p>Stress grundet langvarig overbelastning: Mange mennesker kender det at f\u00f8le sig pressede p\u00e5 jobbet eller p\u00e5 hjemmefronten i en kortere periode. Det er ikke skadeligt for os. Men hvis dette pres g\u00e5r hen og bliver langvarigt enten arbejdsm\u00e6ssigt eller privat eller begge steder, s\u00e5 vil det typisk g\u00e5 ud over vores trivsel. Vi f\u00f8ler os &hellip; <\/p>\n<p class=\"link-more\"><a href=\"https:\/\/annechristinalarsen.dk\/?page_id=30\" class=\"more-link\">Continue reading<span class=\"screen-reader-text\"> &#8220;Stress&#8221;<\/span><\/a><\/p>\n","protected":false},"author":1,"featured_media":0,"parent":0,"menu_order":0,"comment_status":"closed","ping_status":"closed","template":"","meta":{"footnotes":""},"class_list":["post-30","page","type-page","status-publish","hentry"],"_links":{"self":[{"href":"https:\/\/annechristinalarsen.dk\/index.php?rest_route=\/wp\/v2\/pages\/30","targetHints":{"allow":["GET"]}}],"collection":[{"href":"https:\/\/annechristinalarsen.dk\/index.php?rest_route=\/wp\/v2\/pages"}],"about":[{"href":"https:\/\/annechristinalarsen.dk\/index.php?rest_route=\/wp\/v2\/types\/page"}],"author":[{"embeddable":true,"href":"https:\/\/annechristinalarsen.dk\/index.php?rest_route=\/wp\/v2\/users\/1"}],"replies":[{"embeddable":true,"href":"https:\/\/annechristinalarsen.dk\/index.php?rest_route=%2Fwp%2Fv2%2Fcomments&post=30"}],"version-history":[{"count":5,"href":"https:\/\/annechristinalarsen.dk\/index.php?rest_route=\/wp\/v2\/pages\/30\/revisions"}],"predecessor-version":[{"id":65,"href":"https:\/\/annechristinalarsen.dk\/index.php?rest_route=\/wp\/v2\/pages\/30\/revisions\/65"}],"wp:attachment":[{"href":"https:\/\/annechristinalarsen.dk\/index.php?rest_route=%2Fwp%2Fv2%2Fmedia&parent=30"}],"curies":[{"name":"wp","href":"https:\/\/api.w.org\/{rel}","templated":true}]}}