{"id":19,"date":"2020-09-16T09:43:23","date_gmt":"2020-09-16T09:43:23","guid":{"rendered":"http:\/\/annechristinalarsen.dk\/?page_id=19"},"modified":"2022-05-02T12:26:15","modified_gmt":"2022-05-02T12:26:15","slug":"klinikken","status":"publish","type":"page","link":"https:\/\/annechristinalarsen.dk\/?page_id=19","title":{"rendered":"Beliggenhed"},"content":{"rendered":"\n<p>Kontoret ligger i hjertet af Bernstorff Slotspark lige overfor Bernstorff slot. <\/p>\n\n\n\n<p>Kommer du i bil, er der gratis parkeringsmuligheder p\u00e5 J\u00e6gersborg all\u00e9.<\/p>\n\n\n\n<p>Kontoret ligger et kvarters gang fra Gentofte Station.<\/p>\n\n\n\n<p><\/p>\n\n\n\n<p><\/p>\n\n\n\n<p><\/p>\n\n\n\n<figure class=\"wp-block-gallery aligncenter columns-0 is-cropped wp-block-gallery-1 is-layout-flex wp-block-gallery-is-layout-flex\"><ul class=\"blocks-gallery-grid\"><\/ul><\/figure>\n\n\n\n<p><\/p>\n\n\n\n<p><\/p>\n","protected":false},"excerpt":{"rendered":"<p>Kontoret ligger i hjertet af Bernstorff Slotspark lige overfor Bernstorff slot. Kommer du i bil, er der gratis parkeringsmuligheder p\u00e5 J\u00e6gersborg all\u00e9. Kontoret ligger et kvarters gang fra Gentofte Station.<\/p>\n","protected":false},"author":1,"featured_media":0,"parent":0,"menu_order":0,"comment_status":"closed","ping_status":"closed","template":"","meta":{"footnotes":""},"class_list":["post-19","page","type-page","status-publish","hentry"],"_links":{"self":[{"href":"https:\/\/annechristinalarsen.dk\/index.php?rest_route=\/wp\/v2\/pages\/19","targetHints":{"allow":["GET"]}}],"collection":[{"href":"https:\/\/annechristinalarsen.dk\/index.php?rest_route=\/wp\/v2\/pages"}],"about":[{"href":"https:\/\/annechristinalarsen.dk\/index.php?rest_route=\/wp\/v2\/types\/page"}],"author":[{"embeddable":true,"href":"https:\/\/annechristinalarsen.dk\/index.php?rest_route=\/wp\/v2\/users\/1"}],"replies":[{"embeddable":true,"href":"https:\/\/annechristinalarsen.dk\/index.php?rest_route=%2Fwp%2Fv2%2Fcomments&post=19"}],"version-history":[{"count":12,"href":"https:\/\/annechristinalarsen.dk\/index.php?rest_route=\/wp\/v2\/pages\/19\/revisions"}],"predecessor-version":[{"id":111,"href":"https:\/\/annechristinalarsen.dk\/index.php?rest_route=\/wp\/v2\/pages\/19\/revisions\/111"}],"wp:attachment":[{"href":"https:\/\/annechristinalarsen.dk\/index.php?rest_route=%2Fwp%2Fv2%2Fmedia&parent=19"}],"curies":[{"name":"wp","href":"https:\/\/api.w.org\/{rel}","templated":true}]}}